{"id":21,"date":"2016-02-12T08:10:47","date_gmt":"2016-02-12T08:10:47","guid":{"rendered":"http:\/\/demos.famethemes.com\/onepress-plus\/?page_id=21"},"modified":"2020-02-23T21:59:42","modified_gmt":"2020-02-23T21:59:42","slug":"haltungskonzept","status":"publish","type":"page","link":"https:\/\/christins-pferdepension.de\/index.php\/haltungskonzept\/","title":{"rendered":"Unser Haltungskonzept"},"content":{"rendered":"<h3>Wer ist ihr Freund und unser Gast? Ein Herdentier mit Fluchtinstinkt&#8230;<\/h3>\n<h4>Unser Haltungskonzept ist jahrelang in der Praxis erprobt und bietet nach wissenschaftlichen Erkenntnissen und tierschutzrechtlichen Gesichtspunkten eine optimale und pferdegerechte Unterbringung mit individueller F\u00fctterung.<\/h4>\n<p><!--more--><\/p>\n<hr \/>\n<h3><span style=\"color: #808080;\"><strong>Die Weidehaltung<\/strong><\/span><\/h3>\n<h4>Bei uns werden die Pferde ganzj\u00e4hrig auf der Koppel\/ Weide gehalten. Diese Haltung wird mittlerweile sogar im Spitzensport bei Grand Prix Pferden (z.B.<span style=\"color: #000080;\"> <a style=\"color: #000080;\" href=\"http:\/\/www.gutrothenkircherhof.de\/philosophie.html\" target=\"_blank\" rel=\"noopener noreferrer\">Uta Gr\u00e4f<\/a><\/span>) favorisiert\u00a0 &#8211; denn kein noch so gutes Training kann die freie Bewegung an der frischen Luft und die Sozialkontakte zu Artgenossen ersetzen. Bei uns stehen dazu 6 ha Koppel- und Weideland zur Verf\u00fcgung die t\u00e4glich abge\u00e4ppelt werden. Die Pferde stehen in geschlechtergetrennten Herden. Wir versuchen die Herdenzusammensetzung m\u00f6glichst stabil zu halten &#8211; das st\u00e4rkt den Herdenverband und beugt Verletzungen vor.<\/h4>\n<h4>Es stehen nat\u00fcrlich auch ger\u00e4umige Einzelboxen, die t\u00e4glich frisch eingetreut werden zur Verf\u00fcgung. Die meisten G\u00e4ste beziehen die Boxen jedoch nur in der Nacht oder bei Krankheit. Unser Credo bleibt jedoch auch hier, desto l\u00e4nger Drau\u00dfen umso ausgeglichener. Wir bringen die Pferde gegen 20 Uhr in die Boxen.<\/h4>\n<p><img loading=\"lazy\" decoding=\"async\" class=\"size-medium wp-image-1399 aligncenter\" src=\"http:\/\/213.239.201.147\/behlendorf\/wp-content\/uploads\/2019\/04\/20190215_173536-300x225.jpg\" alt=\"\" width=\"300\" height=\"225\" srcset=\"https:\/\/christins-pferdepension.de\/wp-content\/uploads\/2019\/04\/20190215_173536-300x225.jpg 300w, https:\/\/christins-pferdepension.de\/wp-content\/uploads\/2019\/04\/20190215_173536-768x576.jpg 768w, https:\/\/christins-pferdepension.de\/wp-content\/uploads\/2019\/04\/20190215_173536-1024x768.jpg 1024w\" sizes=\"auto, (max-width: 300px) 100vw, 300px\" \/><\/p>\n<hr \/>\n<h3><span style=\"color: #808080;\"><strong>Das F\u00fctterungskonzept<\/strong><\/span><\/h3>\n<h4>Um einen motivierten Sport- und Freizeitpartner zu haben bedarf es freie Bewegung, Sozialkontakte mit Artgenossen und ein individuelles F\u00fctterungskonzept, dazu geh\u00f6rt Wasser und Heu und individuelle Kraftfutterzusammenstellung. Da jeder unserer G\u00e4ste sehr individuelle Kraftfuttermengen und -zusammensetzungen bekommt, investieren wir hier in ein getrenntes Futtermanagement. Fr\u00fch und Abends werden alle Pferde einzeln mit Kraftfutter (und ggf Medikamenten) versorgt. Das verstehen wir nicht als zus\u00e4tzliche Leistung sondern als Selbstverst\u00e4ndlichkeit.<\/h4>\n<p><img loading=\"lazy\" decoding=\"async\" class=\"size-medium wp-image-1402 aligncenter\" src=\"http:\/\/213.239.201.147\/behlendorf\/wp-content\/uploads\/2019\/04\/20190215_174620-300x225.jpg\" alt=\"\" width=\"300\" height=\"225\" srcset=\"https:\/\/christins-pferdepension.de\/wp-content\/uploads\/2019\/04\/20190215_174620-300x225.jpg 300w, https:\/\/christins-pferdepension.de\/wp-content\/uploads\/2019\/04\/20190215_174620-768x576.jpg 768w, https:\/\/christins-pferdepension.de\/wp-content\/uploads\/2019\/04\/20190215_174620-1024x768.jpg 1024w\" sizes=\"auto, (max-width: 300px) 100vw, 300px\" \/><\/p>\n<hr \/>\n<h3><span style=\"color: #808080;\"><strong>&#8230;und jedes Jahr im Fr\u00fchjahr<\/strong><\/span><\/h3>\n<h4>Ein gro\u00dfes Highlight f\u00fcr die Pferde ist es im Fr\u00fchjahr auf die Gr\u00fcnkoppeln zu d\u00fcrfen. Da zu unseren G\u00e4sten auch Rehepatienten geh\u00f6ren sind wir beim Anweiden auf eine sukzessive Anpassung des Pferdeorganismus sehr bedacht. Wir gehen mit den Pferden ganz geziehlt auf die Gr\u00fcnkoppel. Tageweise arbeiten wir uns von 15 Minuten Grasen bis zu 3 Stunden vor &#8211; nat\u00fcrlich auch am Wochenende. Wenn das Pferd schon Reheprobleme hat, wird es angepasst max. 3 h Zugang zur Gr\u00fcnkoppel haben. Unsere Erfahrung hat gezeigt, dass eine so schonende Eingew\u00f6hnung und Futterumstellung das Beste f\u00fcr ein gesundes und motiviertes Pferd ist.<\/h4>\n","protected":false},"excerpt":{"rendered":"<p>Unser Haltungskonzept ist jahrelang in der Praxis erprobt und bietet nach wissenschaftlichen Erkenntnissen und tierschutzrechtlichen Gesichtspunkten eine optimale und pferdegerechte Unterbringung mit individueller F\u00fctterung. (klick f\u00fcr mehr Infos)<\/p>\n","protected":false},"author":2,"featured_media":1384,"parent":0,"menu_order":0,"comment_status":"closed","ping_status":"closed","template":"","meta":{"footnotes":""},"class_list":["post-21","page","type-page","status-publish","has-post-thumbnail","hentry"],"yoast_head":"<!-- This site is optimized with the Yoast SEO plugin v27.4 - https:\/\/yoast.com\/product\/yoast-seo-wordpress\/ -->\n<title>Unser Haltungskonzept - Christins Pferdepension<\/title>\n<meta name=\"description\" content=\"Unser Haltungskonzept basiert auf den nat\u00fcrlichen Bed\u00fcrfnissen der Pferde in freier Wildbahn. Bewegung, st\u00e4ndig wechselnde Au\u00dfenreize und Artgenossen!\" \/>\n<meta name=\"robots\" content=\"index, follow, max-snippet:-1, max-image-preview:large, max-video-preview:-1\" \/>\n<link rel=\"canonical\" href=\"https:\/\/christins-pferdepension.de\/index.php\/haltungskonzept\/\" \/>\n<meta property=\"og:locale\" content=\"en_US\" \/>\n<meta property=\"og:type\" content=\"article\" \/>\n<meta property=\"og:title\" content=\"Unser Haltungskonzept - Christins Pferdepension\" \/>\n<meta property=\"og:description\" content=\"Unser Haltungskonzept basiert auf den nat\u00fcrlichen Bed\u00fcrfnissen der Pferde in freier Wildbahn. Bewegung, st\u00e4ndig wechselnde Au\u00dfenreize und Artgenossen!\" \/>\n<meta property=\"og:url\" content=\"https:\/\/christins-pferdepension.de\/index.php\/haltungskonzept\/\" \/>\n<meta property=\"og:site_name\" content=\"Christins Pferdepension\" \/>\n<meta property=\"article:publisher\" content=\"https:\/\/www.facebook.com\/Christins-Pferdehotel-1006479549410706\/\" \/>\n<meta property=\"article:modified_time\" content=\"2020-02-23T21:59:42+00:00\" \/>\n<meta property=\"og:image\" content=\"https:\/\/christins-pferdepension.de\/wp-content\/uploads\/2019\/04\/20190216_082740-1024x768.jpg\" \/>\n\t<meta property=\"og:image:width\" content=\"1024\" \/>\n\t<meta property=\"og:image:height\" content=\"768\" \/>\n\t<meta property=\"og:image:type\" content=\"image\/jpeg\" \/>\n<meta name=\"twitter:card\" content=\"summary_large_image\" \/>\n<meta name=\"twitter:label1\" content=\"Est. reading time\" \/>\n\t<meta name=\"twitter:data1\" content=\"2 minutes\" \/>\n<script type=\"application\/ld+json\" class=\"yoast-schema-graph\">{\"@context\":\"https:\\\/\\\/schema.org\",\"@graph\":[{\"@type\":\"WebPage\",\"@id\":\"https:\\\/\\\/christins-pferdepension.de\\\/index.php\\\/haltungskonzept\\\/\",\"url\":\"https:\\\/\\\/christins-pferdepension.de\\\/index.php\\\/haltungskonzept\\\/\",\"name\":\"Unser Haltungskonzept - Christins Pferdepension\",\"isPartOf\":{\"@id\":\"https:\\\/\\\/christins-pferdepension.de\\\/#website\"},\"primaryImageOfPage\":{\"@id\":\"https:\\\/\\\/christins-pferdepension.de\\\/index.php\\\/haltungskonzept\\\/#primaryimage\"},\"image\":{\"@id\":\"https:\\\/\\\/christins-pferdepension.de\\\/index.php\\\/haltungskonzept\\\/#primaryimage\"},\"thumbnailUrl\":\"https:\\\/\\\/christins-pferdepension.de\\\/wp-content\\\/uploads\\\/2019\\\/04\\\/20190216_082740.jpg\",\"datePublished\":\"2016-02-12T08:10:47+00:00\",\"dateModified\":\"2020-02-23T21:59:42+00:00\",\"description\":\"Unser Haltungskonzept basiert auf den nat\u00fcrlichen Bed\u00fcrfnissen der Pferde in freier Wildbahn. Bewegung, st\u00e4ndig wechselnde Au\u00dfenreize und Artgenossen!\",\"breadcrumb\":{\"@id\":\"https:\\\/\\\/christins-pferdepension.de\\\/index.php\\\/haltungskonzept\\\/#breadcrumb\"},\"inLanguage\":\"en-US\",\"potentialAction\":[{\"@type\":\"ReadAction\",\"target\":[\"https:\\\/\\\/christins-pferdepension.de\\\/index.php\\\/haltungskonzept\\\/\"]}]},{\"@type\":\"ImageObject\",\"inLanguage\":\"en-US\",\"@id\":\"https:\\\/\\\/christins-pferdepension.de\\\/index.php\\\/haltungskonzept\\\/#primaryimage\",\"url\":\"https:\\\/\\\/christins-pferdepension.de\\\/wp-content\\\/uploads\\\/2019\\\/04\\\/20190216_082740.jpg\",\"contentUrl\":\"https:\\\/\\\/christins-pferdepension.de\\\/wp-content\\\/uploads\\\/2019\\\/04\\\/20190216_082740.jpg\",\"width\":4032,\"height\":3024,\"caption\":\"Koppeln_in_Behlendorf\"},{\"@type\":\"BreadcrumbList\",\"@id\":\"https:\\\/\\\/christins-pferdepension.de\\\/index.php\\\/haltungskonzept\\\/#breadcrumb\",\"itemListElement\":[{\"@type\":\"ListItem\",\"position\":1,\"name\":\"Home\",\"item\":\"https:\\\/\\\/christins-pferdepension.de\\\/\"},{\"@type\":\"ListItem\",\"position\":2,\"name\":\"Unser Haltungskonzept\"}]},{\"@type\":\"WebSite\",\"@id\":\"https:\\\/\\\/christins-pferdepension.de\\\/#website\",\"url\":\"https:\\\/\\\/christins-pferdepension.de\\\/\",\"name\":\"Christins Pferdepension\",\"description\":\"auf Gut Behlendorf\",\"publisher\":{\"@id\":\"https:\\\/\\\/christins-pferdepension.de\\\/#organization\"},\"potentialAction\":[{\"@type\":\"SearchAction\",\"target\":{\"@type\":\"EntryPoint\",\"urlTemplate\":\"https:\\\/\\\/christins-pferdepension.de\\\/?s={search_term_string}\"},\"query-input\":{\"@type\":\"PropertyValueSpecification\",\"valueRequired\":true,\"valueName\":\"search_term_string\"}}],\"inLanguage\":\"en-US\"},{\"@type\":\"Organization\",\"@id\":\"https:\\\/\\\/christins-pferdepension.de\\\/#organization\",\"name\":\"Christins Pferdepension\",\"url\":\"https:\\\/\\\/christins-pferdepension.de\\\/\",\"logo\":{\"@type\":\"ImageObject\",\"inLanguage\":\"en-US\",\"@id\":\"https:\\\/\\\/christins-pferdepension.de\\\/#\\\/schema\\\/logo\\\/image\\\/\",\"url\":\"https:\\\/\\\/christins-pferdepension.de\\\/wp-content\\\/uploads\\\/2019\\\/07\\\/logo_christins_pferdepension_small.png\",\"contentUrl\":\"https:\\\/\\\/christins-pferdepension.de\\\/wp-content\\\/uploads\\\/2019\\\/07\\\/logo_christins_pferdepension_small.png\",\"width\":163,\"height\":46,\"caption\":\"Christins Pferdepension\"},\"image\":{\"@id\":\"https:\\\/\\\/christins-pferdepension.de\\\/#\\\/schema\\\/logo\\\/image\\\/\"},\"sameAs\":[\"https:\\\/\\\/www.facebook.com\\\/Christins-Pferdehotel-1006479549410706\\\/\"]}]}<\/script>\n<!-- \/ Yoast SEO plugin. -->","yoast_head_json":{"title":"Unser Haltungskonzept - Christins Pferdepension","description":"Unser Haltungskonzept basiert auf den nat\u00fcrlichen Bed\u00fcrfnissen der Pferde in freier Wildbahn. Bewegung, st\u00e4ndig wechselnde Au\u00dfenreize und Artgenossen!","robots":{"index":"index","follow":"follow","max-snippet":"max-snippet:-1","max-image-preview":"max-image-preview:large","max-video-preview":"max-video-preview:-1"},"canonical":"https:\/\/christins-pferdepension.de\/index.php\/haltungskonzept\/","og_locale":"en_US","og_type":"article","og_title":"Unser Haltungskonzept - Christins Pferdepension","og_description":"Unser Haltungskonzept basiert auf den nat\u00fcrlichen Bed\u00fcrfnissen der Pferde in freier Wildbahn. Bewegung, st\u00e4ndig wechselnde Au\u00dfenreize und Artgenossen!","og_url":"https:\/\/christins-pferdepension.de\/index.php\/haltungskonzept\/","og_site_name":"Christins Pferdepension","article_publisher":"https:\/\/www.facebook.com\/Christins-Pferdehotel-1006479549410706\/","article_modified_time":"2020-02-23T21:59:42+00:00","og_image":[{"width":1024,"height":768,"url":"https:\/\/christins-pferdepension.de\/wp-content\/uploads\/2019\/04\/20190216_082740-1024x768.jpg","type":"image\/jpeg"}],"twitter_card":"summary_large_image","twitter_misc":{"Est. reading time":"2 minutes"},"schema":{"@context":"https:\/\/schema.org","@graph":[{"@type":"WebPage","@id":"https:\/\/christins-pferdepension.de\/index.php\/haltungskonzept\/","url":"https:\/\/christins-pferdepension.de\/index.php\/haltungskonzept\/","name":"Unser Haltungskonzept - Christins Pferdepension","isPartOf":{"@id":"https:\/\/christins-pferdepension.de\/#website"},"primaryImageOfPage":{"@id":"https:\/\/christins-pferdepension.de\/index.php\/haltungskonzept\/#primaryimage"},"image":{"@id":"https:\/\/christins-pferdepension.de\/index.php\/haltungskonzept\/#primaryimage"},"thumbnailUrl":"https:\/\/christins-pferdepension.de\/wp-content\/uploads\/2019\/04\/20190216_082740.jpg","datePublished":"2016-02-12T08:10:47+00:00","dateModified":"2020-02-23T21:59:42+00:00","description":"Unser Haltungskonzept basiert auf den nat\u00fcrlichen Bed\u00fcrfnissen der Pferde in freier Wildbahn. Bewegung, st\u00e4ndig wechselnde Au\u00dfenreize und Artgenossen!","breadcrumb":{"@id":"https:\/\/christins-pferdepension.de\/index.php\/haltungskonzept\/#breadcrumb"},"inLanguage":"en-US","potentialAction":[{"@type":"ReadAction","target":["https:\/\/christins-pferdepension.de\/index.php\/haltungskonzept\/"]}]},{"@type":"ImageObject","inLanguage":"en-US","@id":"https:\/\/christins-pferdepension.de\/index.php\/haltungskonzept\/#primaryimage","url":"https:\/\/christins-pferdepension.de\/wp-content\/uploads\/2019\/04\/20190216_082740.jpg","contentUrl":"https:\/\/christins-pferdepension.de\/wp-content\/uploads\/2019\/04\/20190216_082740.jpg","width":4032,"height":3024,"caption":"Koppeln_in_Behlendorf"},{"@type":"BreadcrumbList","@id":"https:\/\/christins-pferdepension.de\/index.php\/haltungskonzept\/#breadcrumb","itemListElement":[{"@type":"ListItem","position":1,"name":"Home","item":"https:\/\/christins-pferdepension.de\/"},{"@type":"ListItem","position":2,"name":"Unser Haltungskonzept"}]},{"@type":"WebSite","@id":"https:\/\/christins-pferdepension.de\/#website","url":"https:\/\/christins-pferdepension.de\/","name":"Christins Pferdepension","description":"auf Gut Behlendorf","publisher":{"@id":"https:\/\/christins-pferdepension.de\/#organization"},"potentialAction":[{"@type":"SearchAction","target":{"@type":"EntryPoint","urlTemplate":"https:\/\/christins-pferdepension.de\/?s={search_term_string}"},"query-input":{"@type":"PropertyValueSpecification","valueRequired":true,"valueName":"search_term_string"}}],"inLanguage":"en-US"},{"@type":"Organization","@id":"https:\/\/christins-pferdepension.de\/#organization","name":"Christins Pferdepension","url":"https:\/\/christins-pferdepension.de\/","logo":{"@type":"ImageObject","inLanguage":"en-US","@id":"https:\/\/christins-pferdepension.de\/#\/schema\/logo\/image\/","url":"https:\/\/christins-pferdepension.de\/wp-content\/uploads\/2019\/07\/logo_christins_pferdepension_small.png","contentUrl":"https:\/\/christins-pferdepension.de\/wp-content\/uploads\/2019\/07\/logo_christins_pferdepension_small.png","width":163,"height":46,"caption":"Christins Pferdepension"},"image":{"@id":"https:\/\/christins-pferdepension.de\/#\/schema\/logo\/image\/"},"sameAs":["https:\/\/www.facebook.com\/Christins-Pferdehotel-1006479549410706\/"]}]}},"_links":{"self":[{"href":"https:\/\/christins-pferdepension.de\/index.php\/wp-json\/wp\/v2\/pages\/21","targetHints":{"allow":["GET"]}}],"collection":[{"href":"https:\/\/christins-pferdepension.de\/index.php\/wp-json\/wp\/v2\/pages"}],"about":[{"href":"https:\/\/christins-pferdepension.de\/index.php\/wp-json\/wp\/v2\/types\/page"}],"author":[{"embeddable":true,"href":"https:\/\/christins-pferdepension.de\/index.php\/wp-json\/wp\/v2\/users\/2"}],"replies":[{"embeddable":true,"href":"https:\/\/christins-pferdepension.de\/index.php\/wp-json\/wp\/v2\/comments?post=21"}],"version-history":[{"count":19,"href":"https:\/\/christins-pferdepension.de\/index.php\/wp-json\/wp\/v2\/pages\/21\/revisions"}],"predecessor-version":[{"id":1645,"href":"https:\/\/christins-pferdepension.de\/index.php\/wp-json\/wp\/v2\/pages\/21\/revisions\/1645"}],"wp:featuredmedia":[{"embeddable":true,"href":"https:\/\/christins-pferdepension.de\/index.php\/wp-json\/wp\/v2\/media\/1384"}],"wp:attachment":[{"href":"https:\/\/christins-pferdepension.de\/index.php\/wp-json\/wp\/v2\/media?parent=21"}],"curies":[{"name":"wp","href":"https:\/\/api.w.org\/{rel}","templated":true}]}}